{"id":270,"date":"2018-06-06T18:00:07","date_gmt":"2018-06-06T16:00:07","guid":{"rendered":"https:\/\/aargauermuslime.ch\/de\/2018\/06\/06\/eroeffnung-des-ersten-muslimischen-grabfeldes-im-kanton-aargau-2\/"},"modified":"2021-11-17T21:18:02","modified_gmt":"2021-11-17T19:18:02","slug":"grabfelder-im-aargau","status":"publish","type":"page","link":"https:\/\/aargauermuslime.ch\/de\/aktivitaeten\/grabfelder-im-aargau\/","title":{"rendered":"Grabfelder im Aargau (deaktiviert)"},"content":{"rendered":"<p><em><span style=\"font-family: verdana, geneva; font-size: 10pt;\">von Hamit Duran, Turgi<\/span><\/em><\/p>\n<p><span style=\"font-family: verdana, geneva; font-size: 10pt;\"><strong>Am 4. Juni 2018 wurde in Baden das erste muslimische Grabfeld er\u00f6ffnet.<\/strong><\/span><\/p>\n<p><span style=\"font-family: verdana, geneva; font-size: 10pt;\">Die Vorbereitungen haben lange gedauert. Seit seiner Gr\u00fcndung im Jahre 2004 hat der <a href=\"http:\/\/www.aargauermuslime.ch\" target=\"_blank\" rel=\"noopener noreferrer\">Verband Aargauer Muslime <\/a>(VAM) daran gearbeitet, die M\u00f6glichkeiten f\u00fcr die Einrichtung muslimischer Grabfelder im Kanton Aargau abzukl\u00e4ren. Dies gestaltete sich als \u00e4usserst aufw\u00e4ndig, da im Kanton Aargau die Verantwortung f\u00fcr das Bestattungswesen bei den Gemeinden liegt. Und im Aargau gibt es momentan 212 Gemeinden&#8230;<\/span><\/p>\n<p><span style=\"font-family: verdana, geneva; font-size: 10pt;\"><img loading=\"lazy\" decoding=\"async\" class=\" alignright size-full wp-image-737\" style=\"margin: 6px; float: right;\" src=\"https:\/\/aargauermuslime.ch\/de\/wp-content\/uploads\/2018\/06\/Grabfeld_Baden_Brunner.jpg\" alt=\"Brunner\" width=\"300\" height=\"287\">Nachdem Anfragen bei verschiedenen Gemeinden mit einem relativ hohen muslimischen Bev\u00f6lkerungsanteil zu keinem Ergebnis gef\u00fchrt hatten, war im Jahre 2007 ein Vorstoss auf Ebene der Gemeinedeamm\u00e4nner (so heissen die Gemeindepr\u00e4sidenten im Aargau) lanciert worden. Aber auch dieser blieb erfolglos genauso wie Gespr\u00e4che mit den Aargauer Landeskirchen, den Landbesitzern der Friedh\u00f6fe. Auch der Planungsverband Baden Regio hatte das Thema mehrmals behandelt. Konkrete Resultate ergaben die Diskussionen aber auch hier nicht. Mit Blick auf andere Kantone wie Z\u00fcrich, Luzern oder Bern, wo es schon seit l\u00e4ngerem muslimische Grabfelder gibt, zeigte sich somit wieder einmal, dass der Kanton Aargau in manchen Belangen einfach anders \u00abtickt\u00bb.<\/span><\/p>\n<p><span style=\"font-family: verdana, geneva; font-size: 10pt;\">Aber schliesslich trugen all die Bem\u00fchungen doch noch Fr\u00fcchte als sich im 2016 die Stadt Baden des Themas annahm. Anfang Juni 2016 stimmte der Badener Einwohnerrat \u00fcber ein neues Bestattungs- und Friedhofsreglement ab, das unter anderem vorsieht, im Friedhof Liebenfels ein separates Grabfeld mit bis zu 200 muslimischen Grabstellen zu schaffen. Sie stehen aber ausschliesslich Einwohnerinnen sowie Einwohnern von Baden zu und decken den Bedarf f\u00fcr die n\u00e4chsten 20 Jahre ab. Nach einstimmiger Annahme trat das neue Reglement am 1. Januar 2017 in Kraft.<\/span><\/p>\n<p><span style=\"font-family: verdana, geneva; font-size: 10pt;\"><img loading=\"lazy\" decoding=\"async\" class=\" alignleft size-full wp-image-738\" style=\"margin: 6px; float: left;\" src=\"https:\/\/aargauermuslime.ch\/de\/wp-content\/uploads\/2018\/06\/Grabfeld_Baden_Uebersichtskarte.jpg\" alt=\"Uebersichtskarte\" width=\"300\" height=\"225\">Der VAM war bei den anschliessenden baulichen und regulatorischen Vorbereitungen (z.B. Ausrichtung der Gr\u00e4ber, \u00dcberarbeitung der Friedhofsverordnung) massgeblich involviert. Neben der Erstellung verschiedener Merkbl\u00e4tter und Checklisten f\u00fcr Gemeinde, Bestattungsinstitute etc. wurde auch ein durch Spenden finanzierter Brunnen installiert, der f\u00fcr Gebetswaschungen benutzt werden kann. Bei Bedarf kann zus\u00e4tzlich die vorhandene Abdankungshalle benutzt werden. Und auch auf den Lagepl\u00e4nen an den Frieshofstoren ist das muslimische Grabfeld eingezeichnet.<\/span><\/p>\n<p><span style=\"font-family: verdana, geneva; font-size: 10pt;\">Am 4. Juni 2018 war schliesslich die offizielle Er\u00f6ffnung des muslmischen Grabfeldes auf dem Friedhof Liebenfels. Ab sofort k\u00f6nnen dort auf Wunsch muslimische Verstorbene aus der Stadt Baden nach islamischem Ritus begraben werden. Am 1. September 2018 findet dann eine offizielle Einweihungsfeier statt. Wir werden zu gegebener Zeit dar\u00fcber informieren.<\/span><\/p>\n<p><span style=\"font-family: verdana, geneva; font-size: 10pt;\">Am 13. Juni 2018 wurde bereits der erste Verstorbene unter grosser Anteilnahme von Verwandten und Bekannten biegesetzt. Rund 250 Personen nahmen teil.<\/span><\/p>\n<p>In den folgenden <strong>Gemeinden<\/strong> gibt es mittlerweile ein muslimisches Grabfeld:<\/p>\n<ul>\n<li>Baden, weitere Infos: <a href=\"https:\/\/www.baden.ch\/de\/leben-wohnen\/leben\/friedhoefe-krematorium.html\/55#Liebenfels\" target=\"_blank\" rel=\"noopener\">Friedhof Liebenfels<\/a><\/li>\n<li>Ehrendingen, weitere Infos: <a href=\"https:\/\/www.ehrendingen.ch\/verwaltung\/einwohnerdienste\/\" target=\"_blank\" rel=\"noopener\">Einwohnerdienste Ehrendingen<\/a><\/li>\n<\/ul>\n<p><span style=\"font-family: verdana, geneva; font-size: 12pt;\"><strong>Medienecho<\/strong><\/span><\/p>\n<ul>\n<li><span style=\"font-family: verdana, geneva; font-size: 10pt;\"><a href=\"https:\/\/www.aargauerzeitung.ch\/aargau\/baden\/friedhof-liebenfels-das-erste-grabfeld-fuer-muslime-im-aargau-ist-in-betrieb-132665778\" target=\"_blank\" rel=\"noopener noreferrer\">Aargauer Zeitung<\/a> vom 9. Juni 2018<\/span><\/li>\n<li><span style=\"font-family: verdana, geneva; font-size: 10pt;\"><a href=\"https:\/\/www.telem1.ch\/35-show-aktuell\/24761-episode-freitag-8-juni-2018\" target=\"_blank\" rel=\"noopener noreferrer\">Tele M1 Aktuell<\/a> vom 8. Juni 2018 (ab Minute 3:45)<\/span><\/li>\n<\/ul>\n<p><span style=\"font-size: 12pt;\"><strong><span style=\"font-family: verdana, geneva;\">Wichtige Dokumente<\/span><\/strong><\/span><\/p>\n<ul>\n<li><span style=\"font-family: verdana, geneva; font-size: 10pt;\"><a href=\"https:\/\/aargauermuslime.ch\/de\/wp-content\/uploads\/2018\/06\/Grabfeld_Baden_Merkblatt_Bestatter_JunI_2018.pdf\" target=\"_blank\" rel=\"noopener noreferrer\">Merkblatt f\u00fcr Bestattungsinstitute<\/a><\/span><\/li>\n<li><a href=\"https:\/\/aargauermuslime.ch\/de\/wp-content\/uploads\/2020\/03\/Merkblatt_Angehoerige_Maerz_2020.pdf\" target=\"_blank\" rel=\"noopener noreferrer\"><span style=\"font-family: verdana, geneva; font-size: 10pt;\">Merkblatt f\u00fcr Angeh\u00f6rige<\/span><\/a><\/li>\n<li><a href=\"https:\/\/aargauermuslime.ch\/de\/wp-content\/uploads\/2018\/06\/Grabfeld_Baden_Merkblatt_Bestattungen_VAM.pdf\" target=\"_blank\" rel=\"noopener noreferrer\"><span style=\"font-family: verdana, geneva; font-size: 10pt;\">Merkblatt f\u00fcr Gemeinden und Friedhofsverwaltungen<\/span><\/a><\/li>\n<\/ul>\n\n\n<p><\/p>\n","protected":false},"excerpt":{"rendered":"<p>von Hamit Duran, Turgi Am 4. Juni 2018 wurde in Baden das erste muslimische Grabfeld er\u00f6ffnet. Die Vorbereitungen haben lange gedauert. Seit seiner Gr\u00fcndung im Jahre 2004 hat der Verband [&hellip;]<\/p>\n","protected":false},"author":4,"featured_media":736,"parent":53,"menu_order":0,"comment_status":"closed","ping_status":"closed","template":"","meta":{"_et_pb_use_builder":"","_et_pb_old_content":"","_et_gb_content_width":"","ngg_post_thumbnail":0,"footnotes":""},"class_list":["post-270","page","type-page","status-publish","has-post-thumbnail","hentry"],"yoast_head":"<!-- This site is optimized with the Yoast SEO plugin v27.2 - https:\/\/yoast.com\/product\/yoast-seo-wordpress\/ -->\n<title>Grabfelder im Aargau (deaktiviert) - Verband Aargauer Muslime (VAM)<\/title>\n<meta name=\"robots\" content=\"index, follow, max-snippet:-1, max-image-preview:large, max-video-preview:-1\" \/>\n<link rel=\"canonical\" href=\"https:\/\/aargauermuslime.ch\/de\/aktivitaeten\/grabfelder-im-aargau\/\" \/>\n<meta property=\"og:locale\" content=\"de_DE\" \/>\n<meta property=\"og:type\" content=\"article\" \/>\n<meta property=\"og:title\" content=\"Grabfelder im Aargau (deaktiviert) - Verband Aargauer Muslime (VAM)\" \/>\n<meta property=\"og:description\" content=\"von Hamit Duran, Turgi Am 4. Juni 2018 wurde in Baden das erste muslimische Grabfeld er\u00f6ffnet. Die Vorbereitungen haben lange gedauert. Seit seiner Gr\u00fcndung im Jahre 2004 hat der Verband [&hellip;]\" \/>\n<meta property=\"og:url\" content=\"https:\/\/aargauermuslime.ch\/de\/aktivitaeten\/grabfelder-im-aargau\/\" \/>\n<meta property=\"og:site_name\" content=\"Verband Aargauer Muslime (VAM)\" \/>\n<meta property=\"article:publisher\" content=\"https:\/\/www.facebook.com\/groups\/aargauermuslime\" \/>\n<meta property=\"article:modified_time\" content=\"2021-11-17T19:18:02+00:00\" \/>\n<meta property=\"og:image\" content=\"https:\/\/aargauermuslime.ch\/de\/wp-content\/uploads\/2018\/06\/Grabfeld_Baden_Grabfeld.jpg\" \/>\n\t<meta property=\"og:image:width\" content=\"300\" \/>\n\t<meta property=\"og:image:height\" content=\"167\" \/>\n\t<meta property=\"og:image:type\" content=\"image\/jpeg\" \/>\n<meta name=\"twitter:card\" content=\"summary_large_image\" \/>\n<meta name=\"twitter:label1\" content=\"Gesch\u00e4tzte Lesezeit\" \/>\n\t<meta name=\"twitter:data1\" content=\"3\u00a0Minuten\" \/>\n<script type=\"application\/ld+json\" class=\"yoast-schema-graph\">{\"@context\":\"https:\/\/schema.org\",\"@graph\":[{\"@type\":\"WebPage\",\"@id\":\"https:\/\/aargauermuslime.ch\/de\/aktivitaeten\/grabfelder-im-aargau\/\",\"url\":\"https:\/\/aargauermuslime.ch\/de\/aktivitaeten\/grabfelder-im-aargau\/\",\"name\":\"Grabfelder im Aargau (deaktiviert) - Verband Aargauer Muslime (VAM)\",\"isPartOf\":{\"@id\":\"https:\/\/aargauermuslime.ch\/de\/#website\"},\"primaryImageOfPage\":{\"@id\":\"https:\/\/aargauermuslime.ch\/de\/aktivitaeten\/grabfelder-im-aargau\/#primaryimage\"},\"image\":{\"@id\":\"https:\/\/aargauermuslime.ch\/de\/aktivitaeten\/grabfelder-im-aargau\/#primaryimage\"},\"thumbnailUrl\":\"https:\/\/aargauermuslime.ch\/de\/wp-content\/uploads\/2018\/06\/Grabfeld_Baden_Grabfeld.jpg\",\"datePublished\":\"2018-06-06T16:00:07+00:00\",\"dateModified\":\"2021-11-17T19:18:02+00:00\",\"breadcrumb\":{\"@id\":\"https:\/\/aargauermuslime.ch\/de\/aktivitaeten\/grabfelder-im-aargau\/#breadcrumb\"},\"inLanguage\":\"de\",\"potentialAction\":[{\"@type\":\"ReadAction\",\"target\":[\"https:\/\/aargauermuslime.ch\/de\/aktivitaeten\/grabfelder-im-aargau\/\"]}]},{\"@type\":\"ImageObject\",\"inLanguage\":\"de\",\"@id\":\"https:\/\/aargauermuslime.ch\/de\/aktivitaeten\/grabfelder-im-aargau\/#primaryimage\",\"url\":\"https:\/\/aargauermuslime.ch\/de\/wp-content\/uploads\/2018\/06\/Grabfeld_Baden_Grabfeld.jpg\",\"contentUrl\":\"https:\/\/aargauermuslime.ch\/de\/wp-content\/uploads\/2018\/06\/Grabfeld_Baden_Grabfeld.jpg\",\"width\":300,\"height\":167,\"caption\":\"Grabfeld\"},{\"@type\":\"BreadcrumbList\",\"@id\":\"https:\/\/aargauermuslime.ch\/de\/aktivitaeten\/grabfelder-im-aargau\/#breadcrumb\",\"itemListElement\":[{\"@type\":\"ListItem\",\"position\":1,\"name\":\"Startseite\",\"item\":\"https:\/\/aargauermuslime.ch\/de\/\"},{\"@type\":\"ListItem\",\"position\":2,\"name\":\"Aktivit\u00e4ten\",\"item\":\"https:\/\/aargauermuslime.ch\/de\/aktivitaeten\/\"},{\"@type\":\"ListItem\",\"position\":3,\"name\":\"Grabfelder im Aargau (deaktiviert)\"}]},{\"@type\":\"WebSite\",\"@id\":\"https:\/\/aargauermuslime.ch\/de\/#website\",\"url\":\"https:\/\/aargauermuslime.ch\/de\/\",\"name\":\"Verband Aargauer Muslime (VAM)\",\"description\":\"Dachverband der muslimischen Institutionen im Aargau\",\"publisher\":{\"@id\":\"https:\/\/aargauermuslime.ch\/de\/#organization\"},\"potentialAction\":[{\"@type\":\"SearchAction\",\"target\":{\"@type\":\"EntryPoint\",\"urlTemplate\":\"https:\/\/aargauermuslime.ch\/de\/?s={search_term_string}\"},\"query-input\":{\"@type\":\"PropertyValueSpecification\",\"valueRequired\":true,\"valueName\":\"search_term_string\"}}],\"inLanguage\":\"de\"},{\"@type\":\"Organization\",\"@id\":\"https:\/\/aargauermuslime.ch\/de\/#organization\",\"name\":\"Verband Aargauer Muslime\",\"alternateName\":\"VAM\",\"url\":\"https:\/\/aargauermuslime.ch\/de\/\",\"logo\":{\"@type\":\"ImageObject\",\"inLanguage\":\"de\",\"@id\":\"https:\/\/aargauermuslime.ch\/de\/#\/schema\/logo\/image\/\",\"url\":\"https:\/\/aargauermuslime.ch\/de\/wp-content\/uploads\/2019\/07\/VAM-Logo_web.jpg\",\"contentUrl\":\"https:\/\/aargauermuslime.ch\/de\/wp-content\/uploads\/2019\/07\/VAM-Logo_web.jpg\",\"width\":800,\"height\":181,\"caption\":\"Verband Aargauer Muslime\"},\"image\":{\"@id\":\"https:\/\/aargauermuslime.ch\/de\/#\/schema\/logo\/image\/\"},\"sameAs\":[\"https:\/\/www.facebook.com\/groups\/aargauermuslime\"]}]}<\/script>\n<!-- \/ Yoast SEO plugin. -->","yoast_head_json":{"title":"Grabfelder im Aargau (deaktiviert) - Verband Aargauer Muslime (VAM)","robots":{"index":"index","follow":"follow","max-snippet":"max-snippet:-1","max-image-preview":"max-image-preview:large","max-video-preview":"max-video-preview:-1"},"canonical":"https:\/\/aargauermuslime.ch\/de\/aktivitaeten\/grabfelder-im-aargau\/","og_locale":"de_DE","og_type":"article","og_title":"Grabfelder im Aargau (deaktiviert) - Verband Aargauer Muslime (VAM)","og_description":"von Hamit Duran, Turgi Am 4. Juni 2018 wurde in Baden das erste muslimische Grabfeld er\u00f6ffnet. Die Vorbereitungen haben lange gedauert. Seit seiner Gr\u00fcndung im Jahre 2004 hat der Verband [&hellip;]","og_url":"https:\/\/aargauermuslime.ch\/de\/aktivitaeten\/grabfelder-im-aargau\/","og_site_name":"Verband Aargauer Muslime (VAM)","article_publisher":"https:\/\/www.facebook.com\/groups\/aargauermuslime","article_modified_time":"2021-11-17T19:18:02+00:00","og_image":[{"width":300,"height":167,"url":"https:\/\/aargauermuslime.ch\/de\/wp-content\/uploads\/2018\/06\/Grabfeld_Baden_Grabfeld.jpg","type":"image\/jpeg"}],"twitter_card":"summary_large_image","twitter_misc":{"Gesch\u00e4tzte Lesezeit":"3\u00a0Minuten"},"schema":{"@context":"https:\/\/schema.org","@graph":[{"@type":"WebPage","@id":"https:\/\/aargauermuslime.ch\/de\/aktivitaeten\/grabfelder-im-aargau\/","url":"https:\/\/aargauermuslime.ch\/de\/aktivitaeten\/grabfelder-im-aargau\/","name":"Grabfelder im Aargau (deaktiviert) - Verband Aargauer Muslime (VAM)","isPartOf":{"@id":"https:\/\/aargauermuslime.ch\/de\/#website"},"primaryImageOfPage":{"@id":"https:\/\/aargauermuslime.ch\/de\/aktivitaeten\/grabfelder-im-aargau\/#primaryimage"},"image":{"@id":"https:\/\/aargauermuslime.ch\/de\/aktivitaeten\/grabfelder-im-aargau\/#primaryimage"},"thumbnailUrl":"https:\/\/aargauermuslime.ch\/de\/wp-content\/uploads\/2018\/06\/Grabfeld_Baden_Grabfeld.jpg","datePublished":"2018-06-06T16:00:07+00:00","dateModified":"2021-11-17T19:18:02+00:00","breadcrumb":{"@id":"https:\/\/aargauermuslime.ch\/de\/aktivitaeten\/grabfelder-im-aargau\/#breadcrumb"},"inLanguage":"de","potentialAction":[{"@type":"ReadAction","target":["https:\/\/aargauermuslime.ch\/de\/aktivitaeten\/grabfelder-im-aargau\/"]}]},{"@type":"ImageObject","inLanguage":"de","@id":"https:\/\/aargauermuslime.ch\/de\/aktivitaeten\/grabfelder-im-aargau\/#primaryimage","url":"https:\/\/aargauermuslime.ch\/de\/wp-content\/uploads\/2018\/06\/Grabfeld_Baden_Grabfeld.jpg","contentUrl":"https:\/\/aargauermuslime.ch\/de\/wp-content\/uploads\/2018\/06\/Grabfeld_Baden_Grabfeld.jpg","width":300,"height":167,"caption":"Grabfeld"},{"@type":"BreadcrumbList","@id":"https:\/\/aargauermuslime.ch\/de\/aktivitaeten\/grabfelder-im-aargau\/#breadcrumb","itemListElement":[{"@type":"ListItem","position":1,"name":"Startseite","item":"https:\/\/aargauermuslime.ch\/de\/"},{"@type":"ListItem","position":2,"name":"Aktivit\u00e4ten","item":"https:\/\/aargauermuslime.ch\/de\/aktivitaeten\/"},{"@type":"ListItem","position":3,"name":"Grabfelder im Aargau (deaktiviert)"}]},{"@type":"WebSite","@id":"https:\/\/aargauermuslime.ch\/de\/#website","url":"https:\/\/aargauermuslime.ch\/de\/","name":"Verband Aargauer Muslime (VAM)","description":"Dachverband der muslimischen Institutionen im Aargau","publisher":{"@id":"https:\/\/aargauermuslime.ch\/de\/#organization"},"potentialAction":[{"@type":"SearchAction","target":{"@type":"EntryPoint","urlTemplate":"https:\/\/aargauermuslime.ch\/de\/?s={search_term_string}"},"query-input":{"@type":"PropertyValueSpecification","valueRequired":true,"valueName":"search_term_string"}}],"inLanguage":"de"},{"@type":"Organization","@id":"https:\/\/aargauermuslime.ch\/de\/#organization","name":"Verband Aargauer Muslime","alternateName":"VAM","url":"https:\/\/aargauermuslime.ch\/de\/","logo":{"@type":"ImageObject","inLanguage":"de","@id":"https:\/\/aargauermuslime.ch\/de\/#\/schema\/logo\/image\/","url":"https:\/\/aargauermuslime.ch\/de\/wp-content\/uploads\/2019\/07\/VAM-Logo_web.jpg","contentUrl":"https:\/\/aargauermuslime.ch\/de\/wp-content\/uploads\/2019\/07\/VAM-Logo_web.jpg","width":800,"height":181,"caption":"Verband Aargauer Muslime"},"image":{"@id":"https:\/\/aargauermuslime.ch\/de\/#\/schema\/logo\/image\/"},"sameAs":["https:\/\/www.facebook.com\/groups\/aargauermuslime"]}]}},"_links":{"self":[{"href":"https:\/\/aargauermuslime.ch\/de\/wp-json\/wp\/v2\/pages\/270","targetHints":{"allow":["GET"]}}],"collection":[{"href":"https:\/\/aargauermuslime.ch\/de\/wp-json\/wp\/v2\/pages"}],"about":[{"href":"https:\/\/aargauermuslime.ch\/de\/wp-json\/wp\/v2\/types\/page"}],"author":[{"embeddable":true,"href":"https:\/\/aargauermuslime.ch\/de\/wp-json\/wp\/v2\/users\/4"}],"replies":[{"embeddable":true,"href":"https:\/\/aargauermuslime.ch\/de\/wp-json\/wp\/v2\/comments?post=270"}],"version-history":[{"count":6,"href":"https:\/\/aargauermuslime.ch\/de\/wp-json\/wp\/v2\/pages\/270\/revisions"}],"predecessor-version":[{"id":3377,"href":"https:\/\/aargauermuslime.ch\/de\/wp-json\/wp\/v2\/pages\/270\/revisions\/3377"}],"up":[{"embeddable":true,"href":"https:\/\/aargauermuslime.ch\/de\/wp-json\/wp\/v2\/pages\/53"}],"wp:featuredmedia":[{"embeddable":true,"href":"https:\/\/aargauermuslime.ch\/de\/wp-json\/wp\/v2\/media\/736"}],"wp:attachment":[{"href":"https:\/\/aargauermuslime.ch\/de\/wp-json\/wp\/v2\/media?parent=270"}],"curies":[{"name":"wp","href":"https:\/\/api.w.org\/{rel}","templated":true}]}}