{"id":3216,"date":"2021-06-24T10:50:13","date_gmt":"2021-06-24T08:50:13","guid":{"rendered":"https:\/\/aargauermuslime.ch\/de\/?page_id=3216"},"modified":"2026-01-19T12:51:02","modified_gmt":"2026-01-19T10:51:02","slug":"grabfelder-im-aargau-2","status":"publish","type":"page","link":"https:\/\/aargauermuslime.ch\/de\/aktivitaeten\/grabfelder-im-aargau-2\/","title":{"rendered":"Muslimische Grabfelder im Aargau"},"content":{"rendered":"<p>[et_pb_section fb_built=&#8220;1&#8243; _builder_version=&#8220;4.16&#8243; custom_padding=&#8220;0px||0px|||&#8220; global_colors_info=&#8220;{}&#8220;][et_pb_row _builder_version=&#8220;4.16&#8243; _module_preset=&#8220;default&#8220; custom_margin=&#8220;45px||0px||false|false&#8220; custom_padding=&#8220;0px||0px||false|false&#8220; global_colors_info=&#8220;{}&#8220;][et_pb_column type=&#8220;4_4&#8243; _builder_version=&#8220;4.16&#8243; _module_preset=&#8220;default&#8220; global_colors_info=&#8220;{}&#8220;][et_pb_post_title meta=&#8220;off&#8220; featured_image=&#8220;off&#8220; _builder_version=&#8220;4.16&#8243; _module_preset=&#8220;default&#8220; global_colors_info=&#8220;{}&#8220;][\/et_pb_post_title][\/et_pb_column][\/et_pb_row][et_pb_row _builder_version=&#8220;4.16&#8243; _module_preset=&#8220;default&#8220; custom_margin=&#8220;0px||17px||false|false&#8220; custom_padding=&#8220;0px||0px||false|false&#8220; global_colors_info=&#8220;{}&#8220;][et_pb_column type=&#8220;4_4&#8243; _builder_version=&#8220;4.16&#8243; _module_preset=&#8220;default&#8220; global_colors_info=&#8220;{}&#8220;][et_pb_blurb content_max_width=&#8220;1100px&#8220; _builder_version=&#8220;4.27.5&#8243; _module_preset=&#8220;default&#8220; background_color=&#8220;RGBA(0,0,0,0)&#8220; hover_enabled=&#8220;0&#8243; global_colors_info=&#8220;{}&#8220; sticky_enabled=&#8220;0&#8243;]<\/p>\n<p>Der Verband Aargauer Muslime setzt sich daf\u00fcr ein, dass Musliminnen und Muslime im ganzen Kanton die M\u00f6glichkeit bekommen, ihre Verstorbenen nach islamischem Ritus bestatten zu k\u00f6nnen. Da das Friedhofsgesetz aber auf Gemeindeebene geregelt wird und sich der Kanton Aargau aus \u00fcber 200 Gemeinden zusammensetzt, ist dies ein ausserordentlich aufw\u00e4ndiges Unterfangen.<\/p>\n<p><strong>Am 15. Januar 2023 wurde dem VAM nochmals offiziell mitgeteilt, dass die Gemeindeautonomie im Aargau sehr hochgehalten wird und es daher momentan unm\u00f6glich ist, eine kantonale L\u00f6sung f\u00fcr muslimische Grabfelder im Aargau zu finden. Leider bieten auch die Bezirksebene oder die Regionalplanungs-Ebene keine gesetzliche Basis f\u00fcr eine entsprechende verbindliche Zusammenarbeit. Daher m\u00fcssen alle im Aargau lebenden Musliminnen und Muslime, die ein muslimisches Grabfeld in ihrer Gemeinde w\u00fcnschen, lokal aktiv werden. Der VAM bietet dazu sehr gerne seine Hilfe an.<br \/><\/strong><\/p>\n<p>Immerhin gibt es <strong>Stand Dezember 2025<\/strong>&nbsp;in den folgenden <strong>Gemeinden<\/strong> mittlerweile ein muslimisches Grabfeld oder es sind muslimische Grabfelder in Abkl\u00e4rung:<\/p>\n<ul>\n<li>Baden (seit 2018), weitere Infos: <a href=\"https:\/\/www.baden.ch\/de\/leben-wohnen\/leben\/friedhoefe-krematorium.html\/55#Liebenfels\" target=\"_blank\" rel=\"noopener\">Friedhof Liebenfels<\/a><\/li>\n<li>Ehrendingen (seit 2021), weitere Infos: <a href=\"https:\/\/www.ehrendingen.ch\/verwaltung\/einwohnerdienste\/\" target=\"_blank\" rel=\"noopener\">Einwohnerdienste Ehrendingen<\/a><\/li>\n<li>Wettingen (seit 2023), weitere Infos: <a href=\"https:\/\/www.wettingen.ch\/dienstleistungen\/6998\" target=\"_blank\" rel=\"noopener\">Friedhof Brunnenwiese<\/a><\/li>\n<li>Rheinfelden (ab Januar 2026): <a href=\"https:\/\/www.rheinfelden.ch\/de\/verwaltung\/dienstleistungen\/detail\/detail.php?i=143\" target=\"_blank\" rel=\"noopener\">Waldfriedhof Rheinfelden<\/a><\/li>\n<li>In Abkl\u00e4rung: Bad Zurzach, Wohlen, Aarau<\/li>\n<\/ul>\n<h4><span style=\"font-size: 12pt;\"><span style=\"font-family: verdana, geneva;\">Wichtige Merkbl\u00e4tter<\/span><\/span><\/h4>\n<ul>\n<li style=\"list-style-type: none;\">\n<ul>\n<li><strong>Baden<\/strong>: <a href=\"https:\/\/aargauermuslime.ch\/de\/wp-content\/uploads\/2024\/06\/VAM-Merkblatt_Friedhof_Baden_Angehoerige_Juni_2024.pdf\" target=\"_blank\" rel=\"noopener\">Merkblatt f\u00fcr Angeh\u00f6rige (Baden)<\/a><\/li>\n<li><strong>Baden<\/strong>: <a href=\"https:\/\/aargauermuslime.ch\/de\/wp-content\/uploads\/2024\/06\/VAM-Merkblatt_Friedhof_Baden_Bestatter_Juni_2024.pdf\" target=\"_blank\" rel=\"noopener\">Merkblatt f\u00fcr Bestatter (Baden)<\/a><\/li>\n<li><strong>Wettingen<\/strong>: <a href=\"https:\/\/aargauermuslime.ch\/de\/wp-content\/uploads\/2024\/06\/VAM-Merkblatt_Friedhof_Wettingen_Angehoerige_Juni_2024.pdf\" target=\"_blank\" rel=\"noopener\">Merkblatt f\u00fcr Angeh\u00f6rige (Wettingen)<\/a><\/li>\n<li><strong>Wettingen<\/strong>: <a href=\"https:\/\/aargauermuslime.ch\/de\/wp-content\/uploads\/2024\/06\/VAM-Merkblatt_Friedhof_Wettingen_Bestatter_Juni_2024.pdf\" target=\"_blank\" rel=\"noopener\">Merkblatt f\u00fcr Bestatter (Wettingen)<\/a><\/li>\n<li><strong>Rheinfelden<\/strong>: <a href=\"https:\/\/aargauermuslime.ch\/de\/wp-content\/uploads\/2026\/01\/VAM-Merkblatt_Friedhof_Rheinfelden_Angehoerige_Januar_2026_v02.pdf\" target=\"_blank\" rel=\"noopener\">Merkblatt f\u00fcr Angeh\u00f6rige (Rheinfelden)<\/a><\/li>\n<li><a href=\"https:\/\/aargauermuslime.ch\/de\/wp-content\/uploads\/2024\/06\/VAM-Merkblatt_Rettungssanitaeter_Juni_2024.pdf\" target=\"_blank\" rel=\"noopener\">Allgemeines Merkblatt f\u00fcr Rettungssanit\u00e4ter<\/a><\/li>\n<li><a href=\"https:\/\/aargauermuslime.ch\/de\/wp-content\/uploads\/2024\/06\/VAM-Merkblatt_Bestattungen_Allgemein.pdf\" target=\"_blank\" rel=\"noopener\">Allgemeines Merkblatt f\u00fcr Gemeinden und Friedhofsverwaltungen<\/a><\/li>\n<\/ul>\n<\/li>\n<\/ul>\n<p>[\/et_pb_blurb][\/et_pb_column][\/et_pb_row][et_pb_row _builder_version=&#8220;4.16&#8243; _module_preset=&#8220;default&#8220; global_colors_info=&#8220;{}&#8220;][et_pb_column type=&#8220;4_4&#8243; _builder_version=&#8220;4.16&#8243; _module_preset=&#8220;default&#8220; global_colors_info=&#8220;{}&#8220;][et_pb_text _builder_version=&#8220;4.16&#8243; _module_preset=&#8220;default&#8220; global_colors_info=&#8220;{}&#8220;]<\/p>\n<h2><span style=\"color: #000000;\">News rund um muslimische Grabfelder im Aargau<\/span><\/h2>\n<p>[\/et_pb_text][\/et_pb_column][\/et_pb_row][et_pb_row column_structure=&#8220;3_4,1_4&#8243; use_custom_gutter=&#8220;on&#8220; gutter_width=&#8220;2&#8243; make_equal=&#8220;on&#8220; _builder_version=&#8220;4.16&#8243; width=&#8220;98.6%&#8220; custom_padding=&#8220;0px||0px|||&#8220; global_colors_info=&#8220;{}&#8220;][et_pb_column type=&#8220;3_4&#8243; _builder_version=&#8220;4.16&#8243; global_colors_info=&#8220;{}&#8220;][et_pb_blog fullwidth=&#8220;off&#8220; include_categories=&#8220;13&#8243; show_author=&#8220;off&#8220; show_categories=&#8220;off&#8220; _builder_version=&#8220;4.16&#8243; pagination_font=&#8220;|800|||||||&#8220; pagination_text_color=&#8220;#0c71c3&#8243; pagination_font_size=&#8220;16px&#8220; pagination_line_height=&#8220;2.2em&#8220; custom_margin=&#8220;||||false|false&#8220; custom_padding=&#8220;17px|0px||50px||&#8220; border_width_all_image=&#8220;1px&#8220; border_color_all_image=&#8220;#e2e2e2&#8243; global_colors_info=&#8220;{}&#8220;][\/et_pb_blog][\/et_pb_column][et_pb_column type=&#8220;1_4&#8243; _builder_version=&#8220;4.16&#8243; global_colors_info=&#8220;{}&#8220;][et_pb_sidebar _builder_version=&#8220;4.16&#8243; custom_margin=&#8220;45px|1px||15px||&#8220; custom_padding=&#8220;20px|42px||22px||&#8220; global_colors_info=&#8220;{}&#8220;][\/et_pb_sidebar][\/et_pb_column][\/et_pb_row][et_pb_row _builder_version=&#8220;4.16&#8243; _module_preset=&#8220;default&#8220; global_colors_info=&#8220;{}&#8220;][et_pb_column type=&#8220;4_4&#8243; _builder_version=&#8220;4.16&#8243; _module_preset=&#8220;default&#8220; global_colors_info=&#8220;{}&#8220;][\/et_pb_column][\/et_pb_row][\/et_pb_section]<\/p>\n","protected":false},"excerpt":{"rendered":"<p>Der Verband Aargauer Muslime setzt sich daf\u00fcr ein, dass Musliminnen und Muslime im ganzen Kanton die M\u00f6glichkeit bekommen, ihre Verstorbenen nach islamischem Ritus bestatten zu k\u00f6nnen. Da das Friedhofsgesetz aber [&hellip;]<\/p>\n","protected":false},"author":4,"featured_media":0,"parent":53,"menu_order":0,"comment_status":"closed","ping_status":"closed","template":"","meta":{"_et_pb_use_builder":"on","_et_pb_old_content":"","_et_gb_content_width":"","ngg_post_thumbnail":0,"footnotes":""},"class_list":["post-3216","page","type-page","status-publish","hentry"],"yoast_head":"<!-- This site is optimized with the Yoast SEO plugin v27.2 - https:\/\/yoast.com\/product\/yoast-seo-wordpress\/ -->\n<title>Muslimische Grabfelder im Aargau - Verband Aargauer Muslime (VAM)<\/title>\n<meta name=\"robots\" content=\"index, follow, max-snippet:-1, max-image-preview:large, max-video-preview:-1\" \/>\n<link rel=\"canonical\" href=\"https:\/\/aargauermuslime.ch\/de\/aktivitaeten\/grabfelder-im-aargau-2\/\" \/>\n<meta property=\"og:locale\" content=\"de_DE\" \/>\n<meta property=\"og:type\" content=\"article\" \/>\n<meta property=\"og:title\" content=\"Muslimische Grabfelder im Aargau - Verband Aargauer Muslime (VAM)\" \/>\n<meta property=\"og:description\" content=\"Der Verband Aargauer Muslime setzt sich daf\u00fcr ein, dass Musliminnen und Muslime im ganzen Kanton die M\u00f6glichkeit bekommen, ihre Verstorbenen nach islamischem Ritus bestatten zu k\u00f6nnen. Da das Friedhofsgesetz aber [&hellip;]\" \/>\n<meta property=\"og:url\" content=\"https:\/\/aargauermuslime.ch\/de\/aktivitaeten\/grabfelder-im-aargau-2\/\" \/>\n<meta property=\"og:site_name\" content=\"Verband Aargauer Muslime (VAM)\" \/>\n<meta property=\"article:publisher\" content=\"https:\/\/www.facebook.com\/groups\/aargauermuslime\" \/>\n<meta property=\"article:modified_time\" content=\"2026-01-19T10:51:02+00:00\" \/>\n<meta name=\"twitter:card\" content=\"summary_large_image\" \/>\n<meta name=\"twitter:label1\" content=\"Gesch\u00e4tzte Lesezeit\" \/>\n\t<meta name=\"twitter:data1\" content=\"6\u00a0Minuten\" \/>\n<script type=\"application\/ld+json\" class=\"yoast-schema-graph\">{\"@context\":\"https:\/\/schema.org\",\"@graph\":[{\"@type\":\"WebPage\",\"@id\":\"https:\/\/aargauermuslime.ch\/de\/aktivitaeten\/grabfelder-im-aargau-2\/\",\"url\":\"https:\/\/aargauermuslime.ch\/de\/aktivitaeten\/grabfelder-im-aargau-2\/\",\"name\":\"Muslimische Grabfelder im Aargau - Verband Aargauer Muslime (VAM)\",\"isPartOf\":{\"@id\":\"https:\/\/aargauermuslime.ch\/de\/#website\"},\"datePublished\":\"2021-06-24T08:50:13+00:00\",\"dateModified\":\"2026-01-19T10:51:02+00:00\",\"breadcrumb\":{\"@id\":\"https:\/\/aargauermuslime.ch\/de\/aktivitaeten\/grabfelder-im-aargau-2\/#breadcrumb\"},\"inLanguage\":\"de\",\"potentialAction\":[{\"@type\":\"ReadAction\",\"target\":[\"https:\/\/aargauermuslime.ch\/de\/aktivitaeten\/grabfelder-im-aargau-2\/\"]}]},{\"@type\":\"BreadcrumbList\",\"@id\":\"https:\/\/aargauermuslime.ch\/de\/aktivitaeten\/grabfelder-im-aargau-2\/#breadcrumb\",\"itemListElement\":[{\"@type\":\"ListItem\",\"position\":1,\"name\":\"Startseite\",\"item\":\"https:\/\/aargauermuslime.ch\/de\/\"},{\"@type\":\"ListItem\",\"position\":2,\"name\":\"Aktivit\u00e4ten\",\"item\":\"https:\/\/aargauermuslime.ch\/de\/aktivitaeten\/\"},{\"@type\":\"ListItem\",\"position\":3,\"name\":\"Muslimische Grabfelder im Aargau\"}]},{\"@type\":\"WebSite\",\"@id\":\"https:\/\/aargauermuslime.ch\/de\/#website\",\"url\":\"https:\/\/aargauermuslime.ch\/de\/\",\"name\":\"Verband Aargauer Muslime (VAM)\",\"description\":\"Dachverband der muslimischen Institutionen im Aargau\",\"publisher\":{\"@id\":\"https:\/\/aargauermuslime.ch\/de\/#organization\"},\"potentialAction\":[{\"@type\":\"SearchAction\",\"target\":{\"@type\":\"EntryPoint\",\"urlTemplate\":\"https:\/\/aargauermuslime.ch\/de\/?s={search_term_string}\"},\"query-input\":{\"@type\":\"PropertyValueSpecification\",\"valueRequired\":true,\"valueName\":\"search_term_string\"}}],\"inLanguage\":\"de\"},{\"@type\":\"Organization\",\"@id\":\"https:\/\/aargauermuslime.ch\/de\/#organization\",\"name\":\"Verband Aargauer Muslime\",\"alternateName\":\"VAM\",\"url\":\"https:\/\/aargauermuslime.ch\/de\/\",\"logo\":{\"@type\":\"ImageObject\",\"inLanguage\":\"de\",\"@id\":\"https:\/\/aargauermuslime.ch\/de\/#\/schema\/logo\/image\/\",\"url\":\"https:\/\/aargauermuslime.ch\/de\/wp-content\/uploads\/2019\/07\/VAM-Logo_web.jpg\",\"contentUrl\":\"https:\/\/aargauermuslime.ch\/de\/wp-content\/uploads\/2019\/07\/VAM-Logo_web.jpg\",\"width\":800,\"height\":181,\"caption\":\"Verband Aargauer Muslime\"},\"image\":{\"@id\":\"https:\/\/aargauermuslime.ch\/de\/#\/schema\/logo\/image\/\"},\"sameAs\":[\"https:\/\/www.facebook.com\/groups\/aargauermuslime\"]}]}<\/script>\n<!-- \/ Yoast SEO plugin. -->","yoast_head_json":{"title":"Muslimische Grabfelder im Aargau - Verband Aargauer Muslime (VAM)","robots":{"index":"index","follow":"follow","max-snippet":"max-snippet:-1","max-image-preview":"max-image-preview:large","max-video-preview":"max-video-preview:-1"},"canonical":"https:\/\/aargauermuslime.ch\/de\/aktivitaeten\/grabfelder-im-aargau-2\/","og_locale":"de_DE","og_type":"article","og_title":"Muslimische Grabfelder im Aargau - Verband Aargauer Muslime (VAM)","og_description":"Der Verband Aargauer Muslime setzt sich daf\u00fcr ein, dass Musliminnen und Muslime im ganzen Kanton die M\u00f6glichkeit bekommen, ihre Verstorbenen nach islamischem Ritus bestatten zu k\u00f6nnen. Da das Friedhofsgesetz aber [&hellip;]","og_url":"https:\/\/aargauermuslime.ch\/de\/aktivitaeten\/grabfelder-im-aargau-2\/","og_site_name":"Verband Aargauer Muslime (VAM)","article_publisher":"https:\/\/www.facebook.com\/groups\/aargauermuslime","article_modified_time":"2026-01-19T10:51:02+00:00","twitter_card":"summary_large_image","twitter_misc":{"Gesch\u00e4tzte Lesezeit":"6\u00a0Minuten"},"schema":{"@context":"https:\/\/schema.org","@graph":[{"@type":"WebPage","@id":"https:\/\/aargauermuslime.ch\/de\/aktivitaeten\/grabfelder-im-aargau-2\/","url":"https:\/\/aargauermuslime.ch\/de\/aktivitaeten\/grabfelder-im-aargau-2\/","name":"Muslimische Grabfelder im Aargau - Verband Aargauer Muslime (VAM)","isPartOf":{"@id":"https:\/\/aargauermuslime.ch\/de\/#website"},"datePublished":"2021-06-24T08:50:13+00:00","dateModified":"2026-01-19T10:51:02+00:00","breadcrumb":{"@id":"https:\/\/aargauermuslime.ch\/de\/aktivitaeten\/grabfelder-im-aargau-2\/#breadcrumb"},"inLanguage":"de","potentialAction":[{"@type":"ReadAction","target":["https:\/\/aargauermuslime.ch\/de\/aktivitaeten\/grabfelder-im-aargau-2\/"]}]},{"@type":"BreadcrumbList","@id":"https:\/\/aargauermuslime.ch\/de\/aktivitaeten\/grabfelder-im-aargau-2\/#breadcrumb","itemListElement":[{"@type":"ListItem","position":1,"name":"Startseite","item":"https:\/\/aargauermuslime.ch\/de\/"},{"@type":"ListItem","position":2,"name":"Aktivit\u00e4ten","item":"https:\/\/aargauermuslime.ch\/de\/aktivitaeten\/"},{"@type":"ListItem","position":3,"name":"Muslimische Grabfelder im Aargau"}]},{"@type":"WebSite","@id":"https:\/\/aargauermuslime.ch\/de\/#website","url":"https:\/\/aargauermuslime.ch\/de\/","name":"Verband Aargauer Muslime (VAM)","description":"Dachverband der muslimischen Institutionen im Aargau","publisher":{"@id":"https:\/\/aargauermuslime.ch\/de\/#organization"},"potentialAction":[{"@type":"SearchAction","target":{"@type":"EntryPoint","urlTemplate":"https:\/\/aargauermuslime.ch\/de\/?s={search_term_string}"},"query-input":{"@type":"PropertyValueSpecification","valueRequired":true,"valueName":"search_term_string"}}],"inLanguage":"de"},{"@type":"Organization","@id":"https:\/\/aargauermuslime.ch\/de\/#organization","name":"Verband Aargauer Muslime","alternateName":"VAM","url":"https:\/\/aargauermuslime.ch\/de\/","logo":{"@type":"ImageObject","inLanguage":"de","@id":"https:\/\/aargauermuslime.ch\/de\/#\/schema\/logo\/image\/","url":"https:\/\/aargauermuslime.ch\/de\/wp-content\/uploads\/2019\/07\/VAM-Logo_web.jpg","contentUrl":"https:\/\/aargauermuslime.ch\/de\/wp-content\/uploads\/2019\/07\/VAM-Logo_web.jpg","width":800,"height":181,"caption":"Verband Aargauer Muslime"},"image":{"@id":"https:\/\/aargauermuslime.ch\/de\/#\/schema\/logo\/image\/"},"sameAs":["https:\/\/www.facebook.com\/groups\/aargauermuslime"]}]}},"_links":{"self":[{"href":"https:\/\/aargauermuslime.ch\/de\/wp-json\/wp\/v2\/pages\/3216","targetHints":{"allow":["GET"]}}],"collection":[{"href":"https:\/\/aargauermuslime.ch\/de\/wp-json\/wp\/v2\/pages"}],"about":[{"href":"https:\/\/aargauermuslime.ch\/de\/wp-json\/wp\/v2\/types\/page"}],"author":[{"embeddable":true,"href":"https:\/\/aargauermuslime.ch\/de\/wp-json\/wp\/v2\/users\/4"}],"replies":[{"embeddable":true,"href":"https:\/\/aargauermuslime.ch\/de\/wp-json\/wp\/v2\/comments?post=3216"}],"version-history":[{"count":22,"href":"https:\/\/aargauermuslime.ch\/de\/wp-json\/wp\/v2\/pages\/3216\/revisions"}],"predecessor-version":[{"id":4499,"href":"https:\/\/aargauermuslime.ch\/de\/wp-json\/wp\/v2\/pages\/3216\/revisions\/4499"}],"up":[{"embeddable":true,"href":"https:\/\/aargauermuslime.ch\/de\/wp-json\/wp\/v2\/pages\/53"}],"wp:attachment":[{"href":"https:\/\/aargauermuslime.ch\/de\/wp-json\/wp\/v2\/media?parent=3216"}],"curies":[{"name":"wp","href":"https:\/\/api.w.org\/{rel}","templated":true}]}}