{"id":48,"date":"2009-12-29T11:20:46","date_gmt":"2009-12-29T11:20:46","guid":{"rendered":"https:\/\/aargauermuslime.ch\/de\/2009\/12\/29\/wer-sind-wir\/"},"modified":"2025-01-21T21:11:55","modified_gmt":"2025-01-21T19:11:55","slug":"wer-sind-wir","status":"publish","type":"page","link":"https:\/\/aargauermuslime.ch\/de\/ueber-uns\/wer-sind-wir\/","title":{"rendered":"Wer sind wir?"},"content":{"rendered":"\r\n<div class=\"wp-block-image\">\r\n<figure class=\"aligncenter size-large is-resized\"><img loading=\"lazy\" decoding=\"async\" class=\"wp-image-2450\" src=\"https:\/\/aargauermuslime.ch\/de\/wp-content\/uploads\/2020\/03\/Logo_Wer_sind_wir.jpg\" alt=\"\" width=\"346\" height=\"173\"><\/figure>\r\n<\/div>\r\n\r\n<h3>Geschichte<\/h3>\r\n<p style=\"margin: 0pt;\"><span style=\"font-size: 10pt;\"><span style=\"font-family: Verdana,Arial,sans-serif;\">Am <strong>21. M\u00e4rz 2004<\/strong> wurde in Neuenhof (AG) der Verband Aargauer Muslime (VAM) als Resultat vieler Bem\u00fchungen und Gespr\u00e4che mit muslimischen Organisationen im Kanton Aargau gegr\u00fcndet. Damit ist es nun auch den Muslimen im Aargau gelungen, eine gemeinsame Vertretung zu organisieren.<\/span><\/span><\/p>\r\n<h3 style=\"margin: 0pt;\">Mitglieder<\/h3>\r\n<p style=\"margin: 0pt;\"><span style=\"font-size: 10pt;\"><span style=\"font-family: Verdana,Arial,sans-serif;\">Der Verband setzt sich momentan aus folgenden <strong>Vereinigungen <\/strong>zusammen:<\/span><\/span><\/p>\r\n<ul>\r\n<li>Schweizerische Islamische Glaubensgemeinschaft SIG&nbsp;<em>(Wohlen)<\/em><\/li>\r\n<li>Verband islamischer Kulturzentren VIKZ&nbsp;<em>(Brugg, Neuenhof, Staufen)<\/em><\/li>\r\n<li>Islamisch-albanische Gemeinschaften&nbsp;<em>(Aarburg, Gebenstorf, Lenzburg, Reinach)<\/em><\/li>\r\n<li>Dzemat der bosnischen Gemeinschaften&nbsp;<em>(Oberentfelden, Koblenz)<\/em><\/li>\r\n<li>T\u00fcrkisch-Islamische Stiftung f\u00fcr die Schweiz ITDV&nbsp;<em>(Aarburg, Buchs, D\u00f6ttingen, Seon, Reinach, Rheinfelden)<\/em><\/li>\r\n<li>Ashabi-Dzami <em>(Lenzburg)<\/em><\/li>\r\n<li>Ehli Beyt Camii <em>(Niederlenz)<\/em><\/li>\r\n<li>Bab-i Reyhan&nbsp;<em>(Rheinfelden)<\/em><\/li>\r\n<li>Alperenler Cami <em>(Suhr)<\/em><\/li>\r\n<\/ul>\r\n<h3 style=\"margin: 0pt;\">Zweck und Ziele<\/h3>\r\n<p style=\"margin: 0pt;\"><span style=\"font-size: 10pt;\"><span style=\"font-family: Verdana,Arial,sans-serif;\">Die Grundidee der Initianten ist, dass die Muslime im Kanton Aargau ihre gemeinsamen Anliegen gegen\u00fcber den lokalen und kantonalen Beh\u00f6rden und Institutionen mit einer Stimme vertreten sollten. Der Verband wird von im Kanton t\u00e4tigen muslimischen Gemeinschaften getragen und versteht sich als Vertretung der Muslime im Aargau und gleichzeitig als Ansprechpartner f\u00fcr alle interessierten Personen und Institutionen im Kanton. Wir hoffen, dass viele bis anhin offene Fragen durch unser gemeinsames Engagement gel\u00f6st werden k\u00f6nnen. Auch soll die Integration der Muslime in allen Bereichen der Gesellschaft unter Bewahrung ihrer religi\u00f6sen Werte gef\u00f6rdert werden, um damit den k\u00fcnftigen Generationen eine Perspektive in diesem Land zu er\u00f6ffnen. Zusammenfassend lassen sich die Ziele des VAM wie folgt darstellen:<\/span><\/span><\/p>\r\n<ul>\r\n<li>Etablierung als <strong>zentrale Anlaufstelle<\/strong> f\u00fcr Muslime und Nichtmuslime im Kanton Aargau<\/li>\r\n<li>Unterst\u00fctzung der Anliegen von Muslimen in den Bereichen <strong>Bildung, Erziehung und Integration<\/strong> im Kanton Aargau<\/li>\r\n<li>F\u00f6rderung der <strong>interreligi\u00f6sen Zusammenarbeit<\/strong><\/li>\r\n<li>Aufbau von <strong>muslimischen sozialen Diensten<\/strong><\/li>\r\n<li>Erm\u00f6glichung der <strong>Bestattung<\/strong> von Muslimen im Kanton Aargau<\/li>\r\n<li>Erlangung der <strong>\u00f6ffentlich-rechtlichen Anerkennung<\/strong> f\u00fcr den Islam im Kanton Aargau<\/li>\r\n<\/ul>\r\n<p>Selbstverst\u00e4ndlich streben wir auch eine enge Zusammenarbeit mit \u00e4hnlichen Verb\u00e4nden und Vereinigungen in anderen Kantonen an.<\/p>","protected":false},"excerpt":{"rendered":"<p>Geschichte Am 21. M\u00e4rz 2004 wurde in Neuenhof (AG) der Verband Aargauer Muslime (VAM) als Resultat vieler Bem\u00fchungen und Gespr\u00e4che mit muslimischen Organisationen im Kanton Aargau gegr\u00fcndet. Damit ist es [&hellip;]<\/p>\n","protected":false},"author":2,"featured_media":2450,"parent":849,"menu_order":2,"comment_status":"closed","ping_status":"closed","template":"","meta":{"_et_pb_use_builder":"","_et_pb_old_content":"","_et_gb_content_width":"","ngg_post_thumbnail":0,"footnotes":""},"class_list":["post-48","page","type-page","status-publish","has-post-thumbnail","hentry"],"yoast_head":"<!-- This site is optimized with the Yoast SEO plugin v27.2 - https:\/\/yoast.com\/product\/yoast-seo-wordpress\/ -->\n<title>Wer sind wir? - Verband Aargauer Muslime (VAM)<\/title>\n<meta name=\"robots\" content=\"index, follow, max-snippet:-1, max-image-preview:large, max-video-preview:-1\" \/>\n<link rel=\"canonical\" href=\"https:\/\/aargauermuslime.ch\/de\/ueber-uns\/wer-sind-wir\/\" \/>\n<meta property=\"og:locale\" content=\"de_DE\" \/>\n<meta property=\"og:type\" content=\"article\" \/>\n<meta property=\"og:title\" content=\"Wer sind wir? - Verband Aargauer Muslime (VAM)\" \/>\n<meta property=\"og:description\" content=\"Geschichte Am 21. M\u00e4rz 2004 wurde in Neuenhof (AG) der Verband Aargauer Muslime (VAM) als Resultat vieler Bem\u00fchungen und Gespr\u00e4che mit muslimischen Organisationen im Kanton Aargau gegr\u00fcndet. Damit ist es [&hellip;]\" \/>\n<meta property=\"og:url\" content=\"https:\/\/aargauermuslime.ch\/de\/ueber-uns\/wer-sind-wir\/\" \/>\n<meta property=\"og:site_name\" content=\"Verband Aargauer Muslime (VAM)\" \/>\n<meta property=\"article:publisher\" content=\"https:\/\/www.facebook.com\/groups\/aargauermuslime\" \/>\n<meta property=\"article:modified_time\" content=\"2025-01-21T19:11:55+00:00\" \/>\n<meta property=\"og:image\" content=\"https:\/\/aargauermuslime.ch\/de\/wp-content\/uploads\/2020\/03\/Logo_Wer_sind_wir.jpg\" \/>\n\t<meta property=\"og:image:width\" content=\"827\" \/>\n\t<meta property=\"og:image:height\" content=\"413\" \/>\n\t<meta property=\"og:image:type\" content=\"image\/jpeg\" \/>\n<meta name=\"twitter:card\" content=\"summary_large_image\" \/>\n<meta name=\"twitter:label1\" content=\"Gesch\u00e4tzte Lesezeit\" \/>\n\t<meta name=\"twitter:data1\" content=\"2\u00a0Minuten\" \/>\n<script type=\"application\/ld+json\" class=\"yoast-schema-graph\">{\"@context\":\"https:\/\/schema.org\",\"@graph\":[{\"@type\":\"WebPage\",\"@id\":\"https:\/\/aargauermuslime.ch\/de\/ueber-uns\/wer-sind-wir\/\",\"url\":\"https:\/\/aargauermuslime.ch\/de\/ueber-uns\/wer-sind-wir\/\",\"name\":\"Wer sind wir? - Verband Aargauer Muslime (VAM)\",\"isPartOf\":{\"@id\":\"https:\/\/aargauermuslime.ch\/de\/#website\"},\"primaryImageOfPage\":{\"@id\":\"https:\/\/aargauermuslime.ch\/de\/ueber-uns\/wer-sind-wir\/#primaryimage\"},\"image\":{\"@id\":\"https:\/\/aargauermuslime.ch\/de\/ueber-uns\/wer-sind-wir\/#primaryimage\"},\"thumbnailUrl\":\"https:\/\/aargauermuslime.ch\/de\/wp-content\/uploads\/2020\/03\/Logo_Wer_sind_wir.jpg\",\"datePublished\":\"2009-12-29T11:20:46+00:00\",\"dateModified\":\"2025-01-21T19:11:55+00:00\",\"breadcrumb\":{\"@id\":\"https:\/\/aargauermuslime.ch\/de\/ueber-uns\/wer-sind-wir\/#breadcrumb\"},\"inLanguage\":\"de\",\"potentialAction\":[{\"@type\":\"ReadAction\",\"target\":[\"https:\/\/aargauermuslime.ch\/de\/ueber-uns\/wer-sind-wir\/\"]}]},{\"@type\":\"ImageObject\",\"inLanguage\":\"de\",\"@id\":\"https:\/\/aargauermuslime.ch\/de\/ueber-uns\/wer-sind-wir\/#primaryimage\",\"url\":\"https:\/\/aargauermuslime.ch\/de\/wp-content\/uploads\/2020\/03\/Logo_Wer_sind_wir.jpg\",\"contentUrl\":\"https:\/\/aargauermuslime.ch\/de\/wp-content\/uploads\/2020\/03\/Logo_Wer_sind_wir.jpg\",\"width\":827,\"height\":413},{\"@type\":\"BreadcrumbList\",\"@id\":\"https:\/\/aargauermuslime.ch\/de\/ueber-uns\/wer-sind-wir\/#breadcrumb\",\"itemListElement\":[{\"@type\":\"ListItem\",\"position\":1,\"name\":\"Startseite\",\"item\":\"https:\/\/aargauermuslime.ch\/de\/\"},{\"@type\":\"ListItem\",\"position\":2,\"name\":\"\u00dcber uns\",\"item\":\"https:\/\/aargauermuslime.ch\/de\/ueber-uns\/\"},{\"@type\":\"ListItem\",\"position\":3,\"name\":\"Wer sind wir?\"}]},{\"@type\":\"WebSite\",\"@id\":\"https:\/\/aargauermuslime.ch\/de\/#website\",\"url\":\"https:\/\/aargauermuslime.ch\/de\/\",\"name\":\"Verband Aargauer Muslime (VAM)\",\"description\":\"Dachverband der muslimischen Institutionen im Aargau\",\"publisher\":{\"@id\":\"https:\/\/aargauermuslime.ch\/de\/#organization\"},\"potentialAction\":[{\"@type\":\"SearchAction\",\"target\":{\"@type\":\"EntryPoint\",\"urlTemplate\":\"https:\/\/aargauermuslime.ch\/de\/?s={search_term_string}\"},\"query-input\":{\"@type\":\"PropertyValueSpecification\",\"valueRequired\":true,\"valueName\":\"search_term_string\"}}],\"inLanguage\":\"de\"},{\"@type\":\"Organization\",\"@id\":\"https:\/\/aargauermuslime.ch\/de\/#organization\",\"name\":\"Verband Aargauer Muslime\",\"alternateName\":\"VAM\",\"url\":\"https:\/\/aargauermuslime.ch\/de\/\",\"logo\":{\"@type\":\"ImageObject\",\"inLanguage\":\"de\",\"@id\":\"https:\/\/aargauermuslime.ch\/de\/#\/schema\/logo\/image\/\",\"url\":\"https:\/\/aargauermuslime.ch\/de\/wp-content\/uploads\/2019\/07\/VAM-Logo_web.jpg\",\"contentUrl\":\"https:\/\/aargauermuslime.ch\/de\/wp-content\/uploads\/2019\/07\/VAM-Logo_web.jpg\",\"width\":800,\"height\":181,\"caption\":\"Verband Aargauer Muslime\"},\"image\":{\"@id\":\"https:\/\/aargauermuslime.ch\/de\/#\/schema\/logo\/image\/\"},\"sameAs\":[\"https:\/\/www.facebook.com\/groups\/aargauermuslime\"]}]}<\/script>\n<!-- \/ Yoast SEO plugin. -->","yoast_head_json":{"title":"Wer sind wir? - Verband Aargauer Muslime (VAM)","robots":{"index":"index","follow":"follow","max-snippet":"max-snippet:-1","max-image-preview":"max-image-preview:large","max-video-preview":"max-video-preview:-1"},"canonical":"https:\/\/aargauermuslime.ch\/de\/ueber-uns\/wer-sind-wir\/","og_locale":"de_DE","og_type":"article","og_title":"Wer sind wir? - Verband Aargauer Muslime (VAM)","og_description":"Geschichte Am 21. M\u00e4rz 2004 wurde in Neuenhof (AG) der Verband Aargauer Muslime (VAM) als Resultat vieler Bem\u00fchungen und Gespr\u00e4che mit muslimischen Organisationen im Kanton Aargau gegr\u00fcndet. Damit ist es [&hellip;]","og_url":"https:\/\/aargauermuslime.ch\/de\/ueber-uns\/wer-sind-wir\/","og_site_name":"Verband Aargauer Muslime (VAM)","article_publisher":"https:\/\/www.facebook.com\/groups\/aargauermuslime","article_modified_time":"2025-01-21T19:11:55+00:00","og_image":[{"width":827,"height":413,"url":"https:\/\/aargauermuslime.ch\/de\/wp-content\/uploads\/2020\/03\/Logo_Wer_sind_wir.jpg","type":"image\/jpeg"}],"twitter_card":"summary_large_image","twitter_misc":{"Gesch\u00e4tzte Lesezeit":"2\u00a0Minuten"},"schema":{"@context":"https:\/\/schema.org","@graph":[{"@type":"WebPage","@id":"https:\/\/aargauermuslime.ch\/de\/ueber-uns\/wer-sind-wir\/","url":"https:\/\/aargauermuslime.ch\/de\/ueber-uns\/wer-sind-wir\/","name":"Wer sind wir? - Verband Aargauer Muslime (VAM)","isPartOf":{"@id":"https:\/\/aargauermuslime.ch\/de\/#website"},"primaryImageOfPage":{"@id":"https:\/\/aargauermuslime.ch\/de\/ueber-uns\/wer-sind-wir\/#primaryimage"},"image":{"@id":"https:\/\/aargauermuslime.ch\/de\/ueber-uns\/wer-sind-wir\/#primaryimage"},"thumbnailUrl":"https:\/\/aargauermuslime.ch\/de\/wp-content\/uploads\/2020\/03\/Logo_Wer_sind_wir.jpg","datePublished":"2009-12-29T11:20:46+00:00","dateModified":"2025-01-21T19:11:55+00:00","breadcrumb":{"@id":"https:\/\/aargauermuslime.ch\/de\/ueber-uns\/wer-sind-wir\/#breadcrumb"},"inLanguage":"de","potentialAction":[{"@type":"ReadAction","target":["https:\/\/aargauermuslime.ch\/de\/ueber-uns\/wer-sind-wir\/"]}]},{"@type":"ImageObject","inLanguage":"de","@id":"https:\/\/aargauermuslime.ch\/de\/ueber-uns\/wer-sind-wir\/#primaryimage","url":"https:\/\/aargauermuslime.ch\/de\/wp-content\/uploads\/2020\/03\/Logo_Wer_sind_wir.jpg","contentUrl":"https:\/\/aargauermuslime.ch\/de\/wp-content\/uploads\/2020\/03\/Logo_Wer_sind_wir.jpg","width":827,"height":413},{"@type":"BreadcrumbList","@id":"https:\/\/aargauermuslime.ch\/de\/ueber-uns\/wer-sind-wir\/#breadcrumb","itemListElement":[{"@type":"ListItem","position":1,"name":"Startseite","item":"https:\/\/aargauermuslime.ch\/de\/"},{"@type":"ListItem","position":2,"name":"\u00dcber uns","item":"https:\/\/aargauermuslime.ch\/de\/ueber-uns\/"},{"@type":"ListItem","position":3,"name":"Wer sind wir?"}]},{"@type":"WebSite","@id":"https:\/\/aargauermuslime.ch\/de\/#website","url":"https:\/\/aargauermuslime.ch\/de\/","name":"Verband Aargauer Muslime (VAM)","description":"Dachverband der muslimischen Institutionen im Aargau","publisher":{"@id":"https:\/\/aargauermuslime.ch\/de\/#organization"},"potentialAction":[{"@type":"SearchAction","target":{"@type":"EntryPoint","urlTemplate":"https:\/\/aargauermuslime.ch\/de\/?s={search_term_string}"},"query-input":{"@type":"PropertyValueSpecification","valueRequired":true,"valueName":"search_term_string"}}],"inLanguage":"de"},{"@type":"Organization","@id":"https:\/\/aargauermuslime.ch\/de\/#organization","name":"Verband Aargauer Muslime","alternateName":"VAM","url":"https:\/\/aargauermuslime.ch\/de\/","logo":{"@type":"ImageObject","inLanguage":"de","@id":"https:\/\/aargauermuslime.ch\/de\/#\/schema\/logo\/image\/","url":"https:\/\/aargauermuslime.ch\/de\/wp-content\/uploads\/2019\/07\/VAM-Logo_web.jpg","contentUrl":"https:\/\/aargauermuslime.ch\/de\/wp-content\/uploads\/2019\/07\/VAM-Logo_web.jpg","width":800,"height":181,"caption":"Verband Aargauer Muslime"},"image":{"@id":"https:\/\/aargauermuslime.ch\/de\/#\/schema\/logo\/image\/"},"sameAs":["https:\/\/www.facebook.com\/groups\/aargauermuslime"]}]}},"_links":{"self":[{"href":"https:\/\/aargauermuslime.ch\/de\/wp-json\/wp\/v2\/pages\/48","targetHints":{"allow":["GET"]}}],"collection":[{"href":"https:\/\/aargauermuslime.ch\/de\/wp-json\/wp\/v2\/pages"}],"about":[{"href":"https:\/\/aargauermuslime.ch\/de\/wp-json\/wp\/v2\/types\/page"}],"author":[{"embeddable":true,"href":"https:\/\/aargauermuslime.ch\/de\/wp-json\/wp\/v2\/users\/2"}],"replies":[{"embeddable":true,"href":"https:\/\/aargauermuslime.ch\/de\/wp-json\/wp\/v2\/comments?post=48"}],"version-history":[{"count":20,"href":"https:\/\/aargauermuslime.ch\/de\/wp-json\/wp\/v2\/pages\/48\/revisions"}],"predecessor-version":[{"id":4313,"href":"https:\/\/aargauermuslime.ch\/de\/wp-json\/wp\/v2\/pages\/48\/revisions\/4313"}],"up":[{"embeddable":true,"href":"https:\/\/aargauermuslime.ch\/de\/wp-json\/wp\/v2\/pages\/849"}],"wp:featuredmedia":[{"embeddable":true,"href":"https:\/\/aargauermuslime.ch\/de\/wp-json\/wp\/v2\/media\/2450"}],"wp:attachment":[{"href":"https:\/\/aargauermuslime.ch\/de\/wp-json\/wp\/v2\/media?parent=48"}],"curies":[{"name":"wp","href":"https:\/\/api.w.org\/{rel}","templated":true}]}}